{"id":3,"date":"2023-08-04T11:01:25","date_gmt":"2023-08-04T09:01:25","guid":{"rendered":"https:\/\/www.energologistic.it\/wp23\/?page_id=3"},"modified":"2024-07-01T12:35:17","modified_gmt":"2024-07-01T10:35:17","slug":"privacy","status":"publish","type":"page","link":"https:\/\/www.bluelinks.it\/?page_id=3","title":{"rendered":"Privacy Policy"},"content":{"rendered":"\r\n<p style=\"text-align: left;\">Il Regolamento Europeo UE\/2016\/679 (di seguito \u201c<strong>Regolamento<\/strong>\u201d) stabilisce norme relative alla protezione delle persone fisiche con riguardo al trattamento dei dati personali, nonch\u00e9 norme relative alla libera circolazione di tali dati.<br \/>In osservanza al principio di trasparenza previsto dall\u2019art. 5 del Regolamento, <strong>Bluelinks srl<\/strong> Milano (MI), in qualit\u00e0 di Titolare del Trattamento Le fornisce le informazioni richieste dagli artt. 13 e 14 del Regolamento.<\/p>\r\n<p>&nbsp;<\/p>\r\n<h3 class=\"wp-block-heading\"><strong>Finalit\u00e0 del Trattamento<\/strong><\/h3>\r\n<p>Il trattamento dei Suoi dati personali sar\u00e0 improntato ai principi di correttezza, liceit\u00e0 e trasparenza, tutelando la Sua riservatezza, i Suoi diritti ed in conformit\u00e0 alla policy privacy dell&#8217;Azienda. L&#8217;Azienda si impegna inoltre a trattare i Suoi dati nel rispetto del principio di \u201cminimizzazione\u201d, ovvero acquisendo e trattando i dati limitatamente a quanto necessario rispetto alle seguenti finalit\u00e0:<\/p>\r\n<ol>\r\n<li>Ottimizzazione delle consegne e dei trasporti;<\/li>\r\n<li>Sicurezza della merce contro furti e danneggiamenti;<\/li>\r\n<li>Prevenzione e deterrenza dei fenomeni criminosi;<\/li>\r\n<li>Tracciabilit\u00e0 delle consegne per gli utenti finali del servizio;<\/li>\r\n<\/ol>\r\n<p>Il trattamento \u00e8 necessario all&#8217;esecuzione di un contratto di cui l&#8217;interessato \u00e8 parte o all&#8217;esecuzione di misure precontrattuali adottate su richiesta dello stesso.\u00a0 In relazione alle finalit\u00e0 1,2,3, il trattamento potr\u00e0 essere effettuato senza il suo consenso.<\/p>\r\n<p>&nbsp;<\/p>\r\n<h3><strong>Dati trattati<\/strong><\/h3>\r\n<ol>\r\n<li>Dati idonei a rilevare la posizione di persone (geolocalizzazione);<\/li>\r\n<li>Dati idonei a rilevare la posizione di beni, strumenti, oggetti (geo localizzazione);<\/li>\r\n<\/ol>\r\n<p>&nbsp;<\/p>\r\n<h3><strong>Modalit\u00e0 del Trattamento<\/strong><\/h3>\r\n<p>Il trattamento dei Suoi dati personali sar\u00e0 effettuato con modalit\u00e0 cartacee e strumenti informatici nel rispetto delle disposizioni in materia di protezione dei dati personali e, in particolare, delle misure tecniche e organizzative adeguate di cui all\u2019art. 32.1 del Regolamento, e con l\u2019osservanza di ogni misura cautelativa che ne garantisca la relativa integrit\u00e0, riservatezza e disponibilit\u00e0. In particolare la tracciabilit\u00e0 delle consegne destinata ad informare l\u2019utente finale sullo stato della sua consegna (geolocalizzazione) \u00e8 conservata solo fino alla consegna della merce.<\/p>\r\n<p>&nbsp;<\/p>\r\n<h3><strong>Categorie di destinatari<\/strong><\/h3>\r\n<p>I dati relativi alla geolocalizzazione satellitare sono ad uso interno; i dati di geolocalizzazione relativi ai mezzi usati per la consegna di beni, sono messi a disposizione anche degli utenti interessati al servizio solo per il monitoraggio della consegna e fino a completamento della stessa. Gli stessi dati potranno essere comunicati, in stretta relazione alle finalit\u00e0 sopra indicate anche alle Forze di Polizia.<\/p>\r\n<p>In relazione a tali categorie di destinatari, il Titolare del Trattamento si impegna ad affidarsi esclusivamente a soggetti che prestino garanzie adeguate circa la protezione dei dati, e provveder\u00e0 a nominarli Responsabili del Trattamento ex art. 28 del Regolamento. L\u2019elenco dei Responsabili del Trattamento \u00e8 disponibile presso l&#8217;Azienda e potr\u00e0 prenderne visione previa richiesta al Titolare del Trattamento.<\/p>\r\n<p>I Suoi dati, inoltre, verranno trattati, esclusivamente per le finalit\u00e0 di cui sopra, da parte del personale dipendente e\/o collaboratore dell&#8217;Azienda, appositamente autorizzato e istruito dal Titolare ai sensi dell\u2019art. 29 del Regolamento.<\/p>\r\n<p>I Suoi dati personali non saranno oggetto di diffusione, salvo qualora richiesto da una norma di legge o di regolamento o dalla normativa comunitaria.<\/p>\r\n<p>&nbsp;<\/p>\r\n<h3><strong>Trasferimento di dati personali<\/strong><\/h3>\r\n<p>I Suoi dati personali non saranno oggetto di trasferimento verso Paesi extra europei o verso organizzazioni internazionali.<\/p>\r\n<p>&nbsp;<\/p>\r\n<h3><strong>Periodo di conservazione<\/strong><\/h3>\r\n<ul>\r\n<li>Dati idonei a rilevare la posizione di persone: Tempo di erogazione del servizio;<\/li>\r\n<li>Dati idonei a rilevare la posizione di beni, strumenti, oggetti: Tempo di erogazione del servizio;<\/li>\r\n<\/ul>\r\n<p>&nbsp;<\/p>\r\n<h3><strong>Diritti riconosciuti all\u2019interessato<\/strong><\/h3>\r\n<p>In ogni momento potr\u00e0 esercitare, nei confronti del Titolare, i Suoi diritti previsti dagli artt. 15-22 del Regolamento.<\/p>\r\n<p>In particolare, in qualsiasi momento, Lei avr\u00e0 il diritto di chiedere:<\/p>\r\n<ul>\r\n<li>l\u2019accesso ai suoi dati personali;<\/li>\r\n<li>la loro rettifica in caso di inesattezza degli stessi;<\/li>\r\n<li>la cancellazione;<\/li>\r\n<li>la limitazione del loro trattamento.<\/li>\r\n<\/ul>\r\n<p>Avr\u00e0 inoltre:<\/p>\r\n<ul>\r\n<li>il diritto di opporsi al loro trattamento se trattati per il perseguimento di un legittimo interesse del Titolare del Trattamento, qualora ritenesse violati i propri diritti e libert\u00e0 fondamentali;<\/li>\r\n<li>il diritto di revocare in qualsiasi momento il Suo consenso in relazione alle finalit\u00e0 per le quali questo \u00e8 necessario;<\/li>\r\n<li>il diritto alla portabilit\u00e0 dei Suoi dati, ossia il diritto di chiedere e ricevere in un formato strutturato, di uso comune e leggibile da dispositivo automatico, i dati personali a Lei riferibili.<\/li>\r\n<\/ul>\r\n<h3>\u00a0<\/h3>\r\n<h3><strong>Identit\u00e0 e dati di contatto del Titolare del Trattamento<\/strong><\/h3>\r\n<p>Titolare del Trattamento \u00e8: <strong>Bluelinks srl<\/strong>, sede legale: Milano (MI)<\/p>\r\n","protected":false},"excerpt":{"rendered":"<p>Il Regolamento Europeo UE\/2016\/679 (di seguito \u201cRegolamento\u201d) stabilisce norme relative alla protezione delle persone fisiche con riguardo al trattamento dei dati personali, nonch\u00e9 norme relative alla libera circolazione di tali dati.In osservanza al principio di trasparenza previsto dall\u2019art. 5 del Regolamento, Bluelinks srl Milano (MI), in qualit\u00e0 di Titolare del Trattamento Le fornisce le informazioni [&hellip;]<\/p>\n","protected":false},"author":1,"featured_media":0,"parent":0,"menu_order":0,"comment_status":"closed","ping_status":"closed","template":"template-home.php","meta":{"footnotes":""},"aioseo_notices":[],"_links":{"self":[{"href":"https:\/\/www.bluelinks.it\/index.php?rest_route=\/wp\/v2\/pages\/3"}],"collection":[{"href":"https:\/\/www.bluelinks.it\/index.php?rest_route=\/wp\/v2\/pages"}],"about":[{"href":"https:\/\/www.bluelinks.it\/index.php?rest_route=\/wp\/v2\/types\/page"}],"author":[{"embeddable":true,"href":"https:\/\/www.bluelinks.it\/index.php?rest_route=\/wp\/v2\/users\/1"}],"replies":[{"embeddable":true,"href":"https:\/\/www.bluelinks.it\/index.php?rest_route=%2Fwp%2Fv2%2Fcomments&post=3"}],"version-history":[{"count":2,"href":"https:\/\/www.bluelinks.it\/index.php?rest_route=\/wp\/v2\/pages\/3\/revisions"}],"predecessor-version":[{"id":1736,"href":"https:\/\/www.bluelinks.it\/index.php?rest_route=\/wp\/v2\/pages\/3\/revisions\/1736"}],"wp:attachment":[{"href":"https:\/\/www.bluelinks.it\/index.php?rest_route=%2Fwp%2Fv2%2Fmedia&parent=3"}],"curies":[{"name":"wp","href":"https:\/\/api.w.org\/{rel}","templated":true}]}}